{"id":1918,"date":"2017-04-24T15:56:57","date_gmt":"2017-04-24T15:56:57","guid":{"rendered":"http:\/\/k-techfitness.com\/product\/total-body-trainer\/"},"modified":"2017-04-24T15:56:57","modified_gmt":"2017-04-24T15:56:57","slug":"total-body-trainer","status":"publish","type":"product","link":"https:\/\/k-techfitness.com\/de\/produkt\/total-body-trainer\/","title":{"rendered":"Total Body Trainer"},"content":{"rendered":"<p><iframe loading=\"lazy\" src=\"https:\/\/www.youtube.com\/embed\/dWAkqH3ZK2M?rel=0&amp;showinfo=0\" width=\"560\" height=\"315\" frameborder=\"0\" allowfullscreen=\"allowfullscreen\"><\/iframe><\/p>\n<p><strong>Ganzk\u00f6rper Training<\/strong><\/p>\n<ul>\n<li>Sanfte und nat\u00fcrliche Ober- und Unterk\u00f6rper Bewegungen<\/li>\n<li>Grosser 9-Zoll LCD Bildschirm it 18 Trainings Programmen<\/li>\n<li>Starker Greiferring f\u00fcr Unterst\u00fctzung und Sicherheit<\/li>\n<li>Bequemer Sitz mit 12\u00b0 Sitzlehne und abnehmbarem 360\u00b0 Drehsitz<\/li>\n<li>Bidirektionaler Widerstand f\u00fcr Ober- und Unterk\u00f6rper<\/li>\n<li>\u00dcbergro\u00dfe St\u00fctzfusspedale mit verstellbaren Riemen<\/li>\n<li>Extrem robust und gute Qualit\u00e4t<\/li>\n<li>F\u00fcr Benutzer zwischen\u00a0137 &#8211; 200 cm\u00a0 (4&#8217;6&#8243; and 6&#8217;7&#8243;)<\/li>\n<li>500 lbs (226 kg)\u00a0Gewichts Kapazit\u00e4t<\/li>\n<\/ul>\n<p>&nbsp;<\/p>\n<p><strong>Gr\u00f6sse:<\/strong>\u00a0210 x 150 x 160\u00a0cm<\/p>\n<p><strong>Netto Gewicht:<\/strong>\u00a0150 kg<\/p>\n<p><strong>Brutto Gewicht:<\/strong>\u00a0180 kg<\/p>\n","protected":false},"excerpt":{"rendered":"<p><iframe loading=\"lazy\" src=\"https:\/\/www.youtube.com\/embed\/dWAkqH3ZK2M?rel=0&amp;showinfo=0\" width=\"560\" height=\"315\" frameborder=\"0\" allowfullscreen=\"allowfullscreen\"><\/iframe><\/p>\n<p><strong>Ganzk\u00f6rper Training<\/strong><\/p>\n<ul>\n<li>Sanfte und nat\u00fcrliche Ober- und Unterk\u00f6rper Bewegungen<\/li>\n<li>Grosser 9-Zoll LCD Bildschirm it 18 Trainings Programmen<\/li>\n<li>Starker Greiferring f\u00fcr Unterst\u00fctzung und Sicherheit<\/li>\n<li>Bequemer Sitz mit 12\u00b0 Sitzlehne und abnehmbarem 360\u00b0 Drehsitz<\/li>\n<li>Bidirektionaler Widerstand f\u00fcr Ober- und Unterk\u00f6rper<\/li>\n<li>\u00dcbergro\u00dfe St\u00fctzfusspedale mit verstellbaren Riemen<\/li>\n<li>Extrem robust und gute Qualit\u00e4t<\/li>\n<li>F\u00fcr Benutzer zwischen\u00a0137 &#8211; 200 cm\u00a0 (4&#8217;6&#8243; and 6&#8217;7&#8243;)<\/li>\n<li>500 lbs (226 kg)\u00a0Gewichts Kapazit\u00e4t<\/li>\n<\/ul>\n<p><strong>Gr\u00f6sse:<\/strong>\u00a0210 x 150 x 160\u00a0cm<\/p>\n<p><strong>Netto Gewicht:<\/strong>\u00a0150 kg<\/p>\n<p><strong>Brutto Gewicht:<\/strong>\u00a0180 kg<\/p>\n","protected":false},"featured_media":1914,"comment_status":"open","ping_status":"closed","template":"","meta":[],"product_cat":[46],"product_tag":[],"_links":{"self":[{"href":"https:\/\/k-techfitness.com\/de\/wp-json\/wp\/v2\/product\/1918"}],"collection":[{"href":"https:\/\/k-techfitness.com\/de\/wp-json\/wp\/v2\/product"}],"about":[{"href":"https:\/\/k-techfitness.com\/de\/wp-json\/wp\/v2\/types\/product"}],"replies":[{"embeddable":true,"href":"https:\/\/k-techfitness.com\/de\/wp-json\/wp\/v2\/comments?post=1918"}],"wp:featuredmedia":[{"embeddable":true,"href":"https:\/\/k-techfitness.com\/de\/wp-json\/wp\/v2\/media\/1914"}],"wp:attachment":[{"href":"https:\/\/k-techfitness.com\/de\/wp-json\/wp\/v2\/media?parent=1918"}],"wp:term":[{"taxonomy":"product_cat","embeddable":true,"href":"https:\/\/k-techfitness.com\/de\/wp-json\/wp\/v2\/product_cat?post=1918"},{"taxonomy":"product_tag","embeddable":true,"href":"https:\/\/k-techfitness.com\/de\/wp-json\/wp\/v2\/product_tag?post=1918"}],"curies":[{"name":"wp","href":"https:\/\/api.w.org\/{rel}","templated":true}]}}