{"id":1155,"date":"2017-01-02T03:53:01","date_gmt":"2017-01-02T03:53:01","guid":{"rendered":"http:\/\/k-techfitness.com\/product\/rubber-dumbbell\/"},"modified":"2017-01-06T03:42:59","modified_gmt":"2017-01-06T03:42:59","slug":"rubber-dumbbell","status":"publish","type":"product","link":"https:\/\/k-techfitness.com\/de\/produkt\/rubber-dumbbell\/","title":{"rendered":"Rubber Dumbbell"},"content":{"rendered":"<p>2.5 Kg bis\u00a025 Kg in 2.5 Kg Stufen, Total 10\u00a0Paare<\/p>\n<p>27.5 Kg bis\u00a050 Kg in 2.5 Kg Stufen, Total 10\u00a0Paare<\/p>\n<p>52.5 Kg x 2 St\u00fccke, 55 Kg x 2 St\u00fccke, 57.5 Kg x 2 St\u00fccke, 60 Kg x 2 St\u00fccke<\/p>\n","protected":false},"excerpt":{"rendered":"<p>2.5\u00a0Kg\u00a0bis\u00a025\u00a0Kg in 2.5\u00a0Kg\u00a0Stufen,\u00a0Total 10\u00a0Paare<\/p>\n<p>27.5\u00a0Kg\u00a0bis\u00a050\u00a0Kg in 2.5\u00a0Kg\u00a0Stufen,\u00a0Total 10\u00a0Paare<\/p>\n<p>52.5\u00a0Kg x 2\u00a0St\u00fccke, 55\u00a0Kg x 2\u00a0St\u00fccke, 57.5\u00a0Kg x 2\u00a0St\u00fccke, 60\u00a0Kg x 2\u00a0St\u00fccke<\/p>\n","protected":false},"featured_media":977,"comment_status":"open","ping_status":"closed","template":"","meta":[],"product_cat":[21],"product_tag":[],"_links":{"self":[{"href":"https:\/\/k-techfitness.com\/de\/wp-json\/wp\/v2\/product\/1155"}],"collection":[{"href":"https:\/\/k-techfitness.com\/de\/wp-json\/wp\/v2\/product"}],"about":[{"href":"https:\/\/k-techfitness.com\/de\/wp-json\/wp\/v2\/types\/product"}],"replies":[{"embeddable":true,"href":"https:\/\/k-techfitness.com\/de\/wp-json\/wp\/v2\/comments?post=1155"}],"wp:featuredmedia":[{"embeddable":true,"href":"https:\/\/k-techfitness.com\/de\/wp-json\/wp\/v2\/media\/977"}],"wp:attachment":[{"href":"https:\/\/k-techfitness.com\/de\/wp-json\/wp\/v2\/media?parent=1155"}],"wp:term":[{"taxonomy":"product_cat","embeddable":true,"href":"https:\/\/k-techfitness.com\/de\/wp-json\/wp\/v2\/product_cat?post=1155"},{"taxonomy":"product_tag","embeddable":true,"href":"https:\/\/k-techfitness.com\/de\/wp-json\/wp\/v2\/product_tag?post=1155"}],"curies":[{"name":"wp","href":"https:\/\/api.w.org\/{rel}","templated":true}]}}